{"id":110,"date":"2020-10-16T15:14:00","date_gmt":"2020-10-16T13:14:00","guid":{"rendered":"https:\/\/levavasseur-sourcing.com\/?page_id=110"},"modified":"2024-05-22T18:20:08","modified_gmt":"2024-05-22T16:20:08","slug":"sourcing-de-vegetaux","status":"publish","type":"page","link":"https:\/\/axel-levavasseur.fr\/index.php\/sourcing-de-vegetaux\/","title":{"rendered":"Sourcing de v\u00e9g\u00e9taux"},"content":{"rendered":"\t\t<div data-elementor-type=\"wp-page\" data-elementor-id=\"110\" class=\"elementor elementor-110\" data-elementor-post-type=\"page\">\n\t\t\t\t\t\t<section class=\"elementor-section elementor-top-section elementor-element elementor-element-91092a6 elementor-section-boxed elementor-section-height-default elementor-section-height-default\" data-id=\"91092a6\" data-element_type=\"section\" data-e-type=\"section\">\n\t\t\t\t\t\t<div class=\"elementor-container elementor-column-gap-default\">\n\t\t\t\t\t<div class=\"elementor-column elementor-col-100 elementor-top-column elementor-element elementor-element-535765ad\" data-id=\"535765ad\" data-element_type=\"column\" data-e-type=\"column\">\n\t\t\t<div class=\"elementor-widget-wrap elementor-element-populated\">\n\t\t\t\t\t\t<div class=\"elementor-element elementor-element-47f412e8 elementor-widget elementor-widget-heading\" data-id=\"47f412e8\" data-element_type=\"widget\" data-e-type=\"widget\" data-widget_type=\"heading.default\">\n\t\t\t\t<div class=\"elementor-widget-container\">\n\t\t\t\t\t<h2 class=\"elementor-heading-title elementor-size-default\">Le sourcing <br>de v\u00e9g\u00e9taux\u00a0 <\/h2>\t\t\t\t<\/div>\n\t\t\t\t<\/div>\n\t\t\t\t<div class=\"elementor-element elementor-element-109ada73 elementor-widget-divider--view-line elementor-widget elementor-widget-divider\" data-id=\"109ada73\" data-element_type=\"widget\" data-e-type=\"widget\" data-widget_type=\"divider.default\">\n\t\t\t\t<div class=\"elementor-widget-container\">\n\t\t\t\t\t\t\t<div class=\"elementor-divider\">\n\t\t\t<span class=\"elementor-divider-separator\">\n\t\t\t\t\t\t<\/span>\n\t\t<\/div>\n\t\t\t\t\t\t<\/div>\n\t\t\t\t<\/div>\n\t\t\t\t<div class=\"elementor-element elementor-element-1f6bc70 elementor-widget elementor-widget-text-editor\" data-id=\"1f6bc70\" data-element_type=\"widget\" data-e-type=\"widget\" data-widget_type=\"text-editor.default\">\n\t\t\t\t<div class=\"elementor-widget-container\">\n\t\t\t\t\t\t\t\t\t<p><span style=\"color: var( --e-global-color-9dfcb69 ); font-size: 1em; font-weight: var( --e-global-typography-text-font-weight );\">Axel Levavasseur s<\/span>ources des v\u00e9g\u00e9taux, de la sicile \u00e0 l\u2019Espagne et de l\u2019Allemagne \u00e0 l\u2019Italie, pour les jardins m\u00e9diterran\u00e9en et parcs \u00e0 la fran\u00e7aise. Il traite et source les v\u00e9g\u00e9taux en direct. Les clients b\u00e9n\u00e9ficient d\u2019un service optimal sans interm\u00e9diaire ce qui permet bien \u00e9videmment un contr\u00f4le de qualit\u00e9 exceptionnel. Le soin apport\u00e9 aux plantes est la cl\u00e9 d\u2019une prestation r\u00e9ussie. Axel Levavasseur se d\u00e9place lui-m\u00eame dans les p\u00e9pini\u00e8res puis dans vos Jardins. Nous travaillons dans la plus grande discr\u00e9tion, appr\u00e9ci\u00e9e par nos clients de marque.<\/p>\t\t\t\t\t\t\t\t<\/div>\n\t\t\t\t<\/div>\n\t\t\t\t\t<\/div>\n\t\t<\/div>\n\t\t\t\t\t<\/div>\n\t\t<\/section>\n\t\t\t\t<section class=\"elementor-section elementor-top-section elementor-element elementor-element-0b5bf8a elementor-section-boxed elementor-section-height-default elementor-section-height-default\" data-id=\"0b5bf8a\" data-element_type=\"section\" data-e-type=\"section\" data-settings=\"{&quot;background_background&quot;:&quot;classic&quot;}\">\n\t\t\t\t\t\t<div class=\"elementor-container elementor-column-gap-default\">\n\t\t\t\t\t<div class=\"elementor-column elementor-col-100 elementor-top-column elementor-element elementor-element-a49032c\" data-id=\"a49032c\" data-element_type=\"column\" data-e-type=\"column\">\n\t\t\t<div class=\"elementor-widget-wrap elementor-element-populated\">\n\t\t\t\t\t\t<div class=\"elementor-element elementor-element-ad77936 elementor-widget elementor-widget-heading\" data-id=\"ad77936\" data-element_type=\"widget\" data-e-type=\"widget\" data-widget_type=\"heading.default\">\n\t\t\t\t<div class=\"elementor-widget-container\">\n\t\t\t\t\t<h3 class=\"elementor-heading-title elementor-size-default\">Levavasseur, un nom li\u00e9 aux arbres depuis 1845<\/h3>\t\t\t\t<\/div>\n\t\t\t\t<\/div>\n\t\t\t\t<div class=\"elementor-element elementor-element-543eece elementor-widget elementor-widget-heading\" data-id=\"543eece\" data-element_type=\"widget\" data-e-type=\"widget\" data-widget_type=\"heading.default\">\n\t\t\t\t<div class=\"elementor-widget-container\">\n\t\t\t\t\t<h2 class=\"elementor-heading-title elementor-size-default\">Selection des arbres<\/h2>\t\t\t\t<\/div>\n\t\t\t\t<\/div>\n\t\t\t\t<div class=\"elementor-element elementor-element-0692c40 elementor-widget-divider--view-line elementor-widget elementor-widget-divider\" data-id=\"0692c40\" data-element_type=\"widget\" data-e-type=\"widget\" data-widget_type=\"divider.default\">\n\t\t\t\t<div class=\"elementor-widget-container\">\n\t\t\t\t\t\t\t<div class=\"elementor-divider\">\n\t\t\t<span class=\"elementor-divider-separator\">\n\t\t\t\t\t\t<\/span>\n\t\t<\/div>\n\t\t\t\t\t\t<\/div>\n\t\t\t\t<\/div>\n\t\t\t\t\t<\/div>\n\t\t<\/div>\n\t\t\t\t\t<\/div>\n\t\t<\/section>\n\t\t\t\t<section class=\"elementor-section elementor-top-section elementor-element elementor-element-3ef77b4 elementor-section-boxed elementor-section-height-default elementor-section-height-default\" data-id=\"3ef77b4\" data-element_type=\"section\" data-e-type=\"section\" data-settings=\"{&quot;background_background&quot;:&quot;classic&quot;}\">\n\t\t\t\t\t\t<div class=\"elementor-container elementor-column-gap-default\">\n\t\t\t\t\t<div class=\"elementor-column elementor-col-50 elementor-top-column elementor-element elementor-element-9060926\" data-id=\"9060926\" data-element_type=\"column\" data-e-type=\"column\">\n\t\t\t<div class=\"elementor-widget-wrap elementor-element-populated\">\n\t\t\t\t\t\t<section class=\"elementor-section elementor-inner-section elementor-element elementor-element-539eb8c elementor-section-boxed elementor-section-height-default elementor-section-height-default\" data-id=\"539eb8c\" data-element_type=\"section\" data-e-type=\"section\">\n\t\t\t\t\t\t<div class=\"elementor-container elementor-column-gap-default\">\n\t\t\t\t\t<div class=\"elementor-column elementor-col-50 elementor-inner-column elementor-element elementor-element-36216d8\" data-id=\"36216d8\" data-element_type=\"column\" data-e-type=\"column\">\n\t\t\t<div class=\"elementor-widget-wrap elementor-element-populated\">\n\t\t\t\t\t\t<div class=\"elementor-element elementor-element-f01d2dd elementor-widget elementor-widget-image\" data-id=\"f01d2dd\" data-element_type=\"widget\" data-e-type=\"widget\" data-widget_type=\"image.default\">\n\t\t\t\t<div class=\"elementor-widget-container\">\n\t\t\t\t\t\t\t\t\t\t\t\t\t\t\t<img fetchpriority=\"high\" decoding=\"async\" width=\"794\" height=\"1024\" src=\"https:\/\/axel-levavasseur.fr\/wp-content\/uploads\/2020\/11\/kevin-martin-jose-1hgw5wp81yU-unsplash-794x1024.jpg\" class=\"attachment-large size-large wp-image-317\" alt=\"\" srcset=\"https:\/\/axel-levavasseur.fr\/wp-content\/uploads\/2020\/11\/kevin-martin-jose-1hgw5wp81yU-unsplash-794x1024.jpg 794w, https:\/\/axel-levavasseur.fr\/wp-content\/uploads\/2020\/11\/kevin-martin-jose-1hgw5wp81yU-unsplash-233x300.jpg 233w, https:\/\/axel-levavasseur.fr\/wp-content\/uploads\/2020\/11\/kevin-martin-jose-1hgw5wp81yU-unsplash-768x991.jpg 768w, https:\/\/axel-levavasseur.fr\/wp-content\/uploads\/2020\/11\/kevin-martin-jose-1hgw5wp81yU-unsplash-1190x1536.jpg 1190w, https:\/\/axel-levavasseur.fr\/wp-content\/uploads\/2020\/11\/kevin-martin-jose-1hgw5wp81yU-unsplash-1587x2048.jpg 1587w, https:\/\/axel-levavasseur.fr\/wp-content\/uploads\/2020\/11\/kevin-martin-jose-1hgw5wp81yU-unsplash-scaled.jpg 1984w\" sizes=\"(max-width: 794px) 100vw, 794px\" \/>\t\t\t\t\t\t\t\t\t\t\t\t\t\t\t<\/div>\n\t\t\t\t<\/div>\n\t\t\t\t\t<\/div>\n\t\t<\/div>\n\t\t\t\t<div class=\"elementor-column elementor-col-50 elementor-inner-column elementor-element elementor-element-bf0e33b\" data-id=\"bf0e33b\" data-element_type=\"column\" data-e-type=\"column\">\n\t\t\t<div class=\"elementor-widget-wrap elementor-element-populated\">\n\t\t\t\t\t\t<div class=\"elementor-element elementor-element-1331040 elementor-widget elementor-widget-image\" data-id=\"1331040\" data-element_type=\"widget\" data-e-type=\"widget\" data-widget_type=\"image.default\">\n\t\t\t\t<div class=\"elementor-widget-container\">\n\t\t\t\t\t\t\t\t\t\t\t\t\t\t\t<img decoding=\"async\" width=\"683\" height=\"1024\" data-src=\"https:\/\/axel-levavasseur.fr\/wp-content\/uploads\/2020\/11\/sophie-vinetlouis-2y2ICm9BTqg-unsplash-683x1024.jpg\" class=\"attachment-large size-large wp-image-300 lazyload\" alt=\"\" data-srcset=\"https:\/\/axel-levavasseur.fr\/wp-content\/uploads\/2020\/11\/sophie-vinetlouis-2y2ICm9BTqg-unsplash-683x1024.jpg 683w, https:\/\/axel-levavasseur.fr\/wp-content\/uploads\/2020\/11\/sophie-vinetlouis-2y2ICm9BTqg-unsplash-200x300.jpg 200w, https:\/\/axel-levavasseur.fr\/wp-content\/uploads\/2020\/11\/sophie-vinetlouis-2y2ICm9BTqg-unsplash-768x1152.jpg 768w, https:\/\/axel-levavasseur.fr\/wp-content\/uploads\/2020\/11\/sophie-vinetlouis-2y2ICm9BTqg-unsplash-1024x1536.jpg 1024w, https:\/\/axel-levavasseur.fr\/wp-content\/uploads\/2020\/11\/sophie-vinetlouis-2y2ICm9BTqg-unsplash-1365x2048.jpg 1365w, https:\/\/axel-levavasseur.fr\/wp-content\/uploads\/2020\/11\/sophie-vinetlouis-2y2ICm9BTqg-unsplash-scaled.jpg 1707w\" data-sizes=\"(max-width: 683px) 100vw, 683px\" src=\"data:image\/svg+xml;base64,PHN2ZyB3aWR0aD0iMSIgaGVpZ2h0PSIxIiB4bWxucz0iaHR0cDovL3d3dy53My5vcmcvMjAwMC9zdmciPjwvc3ZnPg==\" style=\"--smush-placeholder-width: 683px; --smush-placeholder-aspect-ratio: 683\/1024;\" \/>\t\t\t\t\t\t\t\t\t\t\t\t\t\t\t<\/div>\n\t\t\t\t<\/div>\n\t\t\t\t\t<\/div>\n\t\t<\/div>\n\t\t\t\t\t<\/div>\n\t\t<\/section>\n\t\t\t\t\t<\/div>\n\t\t<\/div>\n\t\t\t\t<div class=\"elementor-column elementor-col-50 elementor-top-column elementor-element elementor-element-a5e9ca1\" data-id=\"a5e9ca1\" data-element_type=\"column\" data-e-type=\"column\">\n\t\t\t<div class=\"elementor-widget-wrap elementor-element-populated\">\n\t\t\t\t\t\t<div class=\"elementor-element elementor-element-3f36a31 elementor-widget elementor-widget-heading\" data-id=\"3f36a31\" data-element_type=\"widget\" data-e-type=\"widget\" data-widget_type=\"heading.default\">\n\t\t\t\t<div class=\"elementor-widget-container\">\n\t\t\t\t\t<h3 class=\"elementor-heading-title elementor-size-default\">Oeil d'expert.<\/h3>\t\t\t\t<\/div>\n\t\t\t\t<\/div>\n\t\t\t\t<div class=\"elementor-element elementor-element-1ac12ee5 elementor-widget elementor-widget-text-editor\" data-id=\"1ac12ee5\" data-element_type=\"widget\" data-e-type=\"widget\" data-widget_type=\"text-editor.default\">\n\t\t\t\t<div class=\"elementor-widget-container\">\n\t\t\t\t\t\t\t\t\t<p>Levavasseur Sourcing, gr\u00e2ce \u00e0 son oeil d&rsquo;expert, \u00ab source \u00bb des v\u00e9g\u00e9taux exceptionnels pour ses chantiers situ\u00e9s principalement en Angleterre, en Suisse et sur la C\u00f4te d\u2019Azur. Rien est laiss\u00e9 au hasard pour sa client\u00e8le. Les arbres sont choisis avec le plus grand soin et livr\u00e9s dans le plus grand respect afin de donner satisfaction \u00e0 son propri\u00e9taire.\u00a0<\/p>\t\t\t\t\t\t\t\t<\/div>\n\t\t\t\t<\/div>\n\t\t\t\t\t<\/div>\n\t\t<\/div>\n\t\t\t\t\t<\/div>\n\t\t<\/section>\n\t\t\t\t<section class=\"elementor-section elementor-top-section elementor-element elementor-element-10c13c4 elementor-section-full_width elementor-section-height-default elementor-section-height-default\" data-id=\"10c13c4\" data-element_type=\"section\" data-e-type=\"section\" data-settings=\"{&quot;background_background&quot;:&quot;classic&quot;}\">\n\t\t\t\t\t\t\t<div class=\"elementor-background-overlay\"><\/div>\n\t\t\t\t\t\t\t<div class=\"elementor-container elementor-column-gap-default\">\n\t\t\t\t\t<div class=\"elementor-column elementor-col-100 elementor-top-column elementor-element elementor-element-341cd5a\" data-id=\"341cd5a\" data-element_type=\"column\" data-e-type=\"column\">\n\t\t\t<div class=\"elementor-widget-wrap\">\n\t\t\t\t\t\t\t<\/div>\n\t\t<\/div>\n\t\t\t\t\t<\/div>\n\t\t<\/section>\n\t\t\t\t<section class=\"elementor-section elementor-top-section elementor-element elementor-element-2b39795 elementor-section-boxed elementor-section-height-default elementor-section-height-default\" data-id=\"2b39795\" data-element_type=\"section\" data-e-type=\"section\" data-settings=\"{&quot;background_background&quot;:&quot;classic&quot;}\">\n\t\t\t\t\t\t<div class=\"elementor-container elementor-column-gap-default\">\n\t\t\t\t\t<div class=\"elementor-column elementor-col-100 elementor-top-column elementor-element elementor-element-e1cd157\" data-id=\"e1cd157\" data-element_type=\"column\" data-e-type=\"column\">\n\t\t\t<div class=\"elementor-widget-wrap elementor-element-populated\">\n\t\t\t\t\t\t<div class=\"elementor-element elementor-element-a375f8d elementor-widget elementor-widget-heading\" data-id=\"a375f8d\" data-element_type=\"widget\" data-e-type=\"widget\" data-widget_type=\"heading.default\">\n\t\t\t\t<div class=\"elementor-widget-container\">\n\t\t\t\t\t<h3 class=\"elementor-heading-title elementor-size-default\">Levavasseur, un nom li\u00e9 aux arbres depuis 1845<\/h3>\t\t\t\t<\/div>\n\t\t\t\t<\/div>\n\t\t\t\t<div class=\"elementor-element elementor-element-d859eb3 elementor-widget elementor-widget-heading\" data-id=\"d859eb3\" data-element_type=\"widget\" data-e-type=\"widget\" data-widget_type=\"heading.default\">\n\t\t\t\t<div class=\"elementor-widget-container\">\n\t\t\t\t\t<h2 class=\"elementor-heading-title elementor-size-default\">Logistique et envoi<\/h2>\t\t\t\t<\/div>\n\t\t\t\t<\/div>\n\t\t\t\t<div class=\"elementor-element elementor-element-190cd4c elementor-widget-divider--view-line elementor-widget elementor-widget-divider\" data-id=\"190cd4c\" data-element_type=\"widget\" data-e-type=\"widget\" data-widget_type=\"divider.default\">\n\t\t\t\t<div class=\"elementor-widget-container\">\n\t\t\t\t\t\t\t<div class=\"elementor-divider\">\n\t\t\t<span class=\"elementor-divider-separator\">\n\t\t\t\t\t\t<\/span>\n\t\t<\/div>\n\t\t\t\t\t\t<\/div>\n\t\t\t\t<\/div>\n\t\t\t\t\t<\/div>\n\t\t<\/div>\n\t\t\t\t\t<\/div>\n\t\t<\/section>\n\t\t\t\t<section class=\"elementor-section elementor-top-section elementor-element elementor-element-86989e0 elementor-section-boxed elementor-section-height-default elementor-section-height-default\" data-id=\"86989e0\" data-element_type=\"section\" data-e-type=\"section\" data-settings=\"{&quot;background_background&quot;:&quot;classic&quot;}\">\n\t\t\t\t\t\t<div class=\"elementor-container elementor-column-gap-default\">\n\t\t\t\t\t<div class=\"elementor-column elementor-col-50 elementor-top-column elementor-element elementor-element-7bfd5e8\" data-id=\"7bfd5e8\" data-element_type=\"column\" data-e-type=\"column\">\n\t\t\t<div class=\"elementor-widget-wrap elementor-element-populated\">\n\t\t\t\t\t\t<section class=\"elementor-section elementor-inner-section elementor-element elementor-element-61a1d13 elementor-section-boxed elementor-section-height-default elementor-section-height-default\" data-id=\"61a1d13\" data-element_type=\"section\" data-e-type=\"section\">\n\t\t\t\t\t\t<div class=\"elementor-container elementor-column-gap-default\">\n\t\t\t\t\t<div class=\"elementor-column elementor-col-100 elementor-inner-column elementor-element elementor-element-03a7083\" data-id=\"03a7083\" data-element_type=\"column\" data-e-type=\"column\">\n\t\t\t<div class=\"elementor-widget-wrap elementor-element-populated\">\n\t\t\t\t\t\t<div class=\"elementor-element elementor-element-58a3810 elementor-widget elementor-widget-image\" data-id=\"58a3810\" data-element_type=\"widget\" data-e-type=\"widget\" data-widget_type=\"image.default\">\n\t\t\t\t<div class=\"elementor-widget-container\">\n\t\t\t\t\t\t\t\t\t\t\t\t\t\t\t<img decoding=\"async\" width=\"599\" height=\"520\" data-src=\"https:\/\/axel-levavasseur.fr\/wp-content\/uploads\/2020\/11\/Capture-de\u0301cran-2020-11-11-a\u0300-17.18.03.png\" class=\"attachment-large size-large wp-image-366 lazyload\" alt=\"\" data-srcset=\"https:\/\/axel-levavasseur.fr\/wp-content\/uploads\/2020\/11\/Capture-de\u0301cran-2020-11-11-a\u0300-17.18.03.png 599w, https:\/\/axel-levavasseur.fr\/wp-content\/uploads\/2020\/11\/Capture-de\u0301cran-2020-11-11-a\u0300-17.18.03-300x260.png 300w\" data-sizes=\"(max-width: 599px) 100vw, 599px\" src=\"data:image\/svg+xml;base64,PHN2ZyB3aWR0aD0iMSIgaGVpZ2h0PSIxIiB4bWxucz0iaHR0cDovL3d3dy53My5vcmcvMjAwMC9zdmciPjwvc3ZnPg==\" style=\"--smush-placeholder-width: 599px; --smush-placeholder-aspect-ratio: 599\/520;\" \/>\t\t\t\t\t\t\t\t\t\t\t\t\t\t\t<\/div>\n\t\t\t\t<\/div>\n\t\t\t\t\t<\/div>\n\t\t<\/div>\n\t\t\t\t\t<\/div>\n\t\t<\/section>\n\t\t\t\t\t<\/div>\n\t\t<\/div>\n\t\t\t\t<div class=\"elementor-column elementor-col-50 elementor-top-column elementor-element elementor-element-6db604d\" data-id=\"6db604d\" data-element_type=\"column\" data-e-type=\"column\">\n\t\t\t<div class=\"elementor-widget-wrap elementor-element-populated\">\n\t\t\t\t\t\t<div class=\"elementor-element elementor-element-ac0373f elementor-widget elementor-widget-heading\" data-id=\"ac0373f\" data-element_type=\"widget\" data-e-type=\"widget\" data-widget_type=\"heading.default\">\n\t\t\t\t<div class=\"elementor-widget-container\">\n\t\t\t\t\t<h3 class=\"elementor-heading-title elementor-size-default\">Pr\u00e9parer l'export des arbres.<\/h3>\t\t\t\t<\/div>\n\t\t\t\t<\/div>\n\t\t\t\t<div class=\"elementor-element elementor-element-61b314b elementor-widget elementor-widget-text-editor\" data-id=\"61b314b\" data-element_type=\"widget\" data-e-type=\"widget\" data-widget_type=\"text-editor.default\">\n\t\t\t\t<div class=\"elementor-widget-container\">\n\t\t\t\t\t\t\t\t\t<p>Le transport des arbres, en particulier des tr\u00e8s grands arbres, n\u00e9cessite une expertise sp\u00e9cialis\u00e9e. Il est crucial de conna\u00eetre la cargaison, le volume, la distance, ainsi que la fragilit\u00e9 et la largeur des branches pour garantir un transport s\u00e9curis\u00e9. Nous op\u00e9rons dans plusieurs pays d&rsquo;Europe et ma\u00eetrisons les r\u00e9glementations locales, assurant ainsi un transport conforme et s\u00e9curis\u00e9.<\/p><p>Notre \u00e9quipe est \u00e9quip\u00e9e pour le transport, le chargement et le d\u00e9chargement des arbres, de la p\u00e9pini\u00e8re au lieu de plantation. Couvrir les arbres pendant le transport est essentiel pour pr\u00e9venir le dess\u00e8chement, en particulier lorsque le feuillage commence \u00e0 pousser.<\/p><p>Faites confiance \u00e0 notre savoir-faire pour un transport d&rsquo;arbres en toute s\u00e9curit\u00e9.<\/p>\t\t\t\t\t\t\t\t<\/div>\n\t\t\t\t<\/div>\n\t\t\t\t\t<\/div>\n\t\t<\/div>\n\t\t\t\t\t<\/div>\n\t\t<\/section>\n\t\t\t\t<\/div>\n\t\t","protected":false},"excerpt":{"rendered":"<p>Le sourcing de v\u00e9g\u00e9taux\u00a0 Axel Levavasseur sources des v\u00e9g\u00e9taux, de la sicile \u00e0 l\u2019Espagne et de l\u2019Allemagne \u00e0 l\u2019Italie, pour les jardins m\u00e9diterran\u00e9en et parcs \u00e0 la fran\u00e7aise. Il traite et source les v\u00e9g\u00e9taux en direct. Les clients b\u00e9n\u00e9ficient d\u2019un service optimal sans interm\u00e9diaire ce qui permet bien \u00e9videmment un contr\u00f4le de qualit\u00e9 exceptionnel. Le [&hellip;]<\/p>\n","protected":false},"author":1,"featured_media":0,"parent":0,"menu_order":0,"comment_status":"closed","ping_status":"closed","template":"","meta":{"footnotes":""},"class_list":["post-110","page","type-page","status-publish","hentry"],"_links":{"self":[{"href":"https:\/\/axel-levavasseur.fr\/index.php\/wp-json\/wp\/v2\/pages\/110","targetHints":{"allow":["GET"]}}],"collection":[{"href":"https:\/\/axel-levavasseur.fr\/index.php\/wp-json\/wp\/v2\/pages"}],"about":[{"href":"https:\/\/axel-levavasseur.fr\/index.php\/wp-json\/wp\/v2\/types\/page"}],"author":[{"embeddable":true,"href":"https:\/\/axel-levavasseur.fr\/index.php\/wp-json\/wp\/v2\/users\/1"}],"replies":[{"embeddable":true,"href":"https:\/\/axel-levavasseur.fr\/index.php\/wp-json\/wp\/v2\/comments?post=110"}],"version-history":[{"count":44,"href":"https:\/\/axel-levavasseur.fr\/index.php\/wp-json\/wp\/v2\/pages\/110\/revisions"}],"predecessor-version":[{"id":685,"href":"https:\/\/axel-levavasseur.fr\/index.php\/wp-json\/wp\/v2\/pages\/110\/revisions\/685"}],"wp:attachment":[{"href":"https:\/\/axel-levavasseur.fr\/index.php\/wp-json\/wp\/v2\/media?parent=110"}],"curies":[{"name":"wp","href":"https:\/\/api.w.org\/{rel}","templated":true}]}}