{"id":111,"date":"2020-10-16T15:14:13","date_gmt":"2020-10-16T13:14:13","guid":{"rendered":"https:\/\/levavasseur-sourcing.com\/?page_id=111"},"modified":"2024-05-29T11:17:09","modified_gmt":"2024-05-29T09:17:09","slug":"galerie","status":"publish","type":"page","link":"https:\/\/axel-levavasseur.fr\/index.php\/galerie\/","title":{"rendered":"Galerie"},"content":{"rendered":"\t\t<div data-elementor-type=\"wp-page\" data-elementor-id=\"111\" class=\"elementor elementor-111\" data-elementor-post-type=\"page\">\n\t\t\t\t\t\t<section class=\"elementor-section elementor-top-section elementor-element elementor-element-3c143031 elementor-section-boxed elementor-section-height-default elementor-section-height-default\" data-id=\"3c143031\" data-element_type=\"section\" data-e-type=\"section\">\n\t\t\t\t\t\t<div class=\"elementor-container elementor-column-gap-default\">\n\t\t\t\t\t<div class=\"elementor-column elementor-col-100 elementor-top-column elementor-element elementor-element-29f84bcd\" data-id=\"29f84bcd\" data-element_type=\"column\" data-e-type=\"column\">\n\t\t\t<div class=\"elementor-widget-wrap elementor-element-populated\">\n\t\t\t\t\t\t<div class=\"elementor-element elementor-element-741fdc8b elementor-widget elementor-widget-heading\" data-id=\"741fdc8b\" data-element_type=\"widget\" data-e-type=\"widget\" data-widget_type=\"heading.default\">\n\t\t\t\t<div class=\"elementor-widget-container\">\n\t\t\t\t\t<h2 class=\"elementor-heading-title elementor-size-default\">Galerie<\/h2>\t\t\t\t<\/div>\n\t\t\t\t<\/div>\n\t\t\t\t<div class=\"elementor-element elementor-element-227e8cb0 elementor-widget-divider--view-line elementor-widget elementor-widget-divider\" data-id=\"227e8cb0\" data-element_type=\"widget\" data-e-type=\"widget\" data-widget_type=\"divider.default\">\n\t\t\t\t<div class=\"elementor-widget-container\">\n\t\t\t\t\t\t\t<div class=\"elementor-divider\">\n\t\t\t<span class=\"elementor-divider-separator\">\n\t\t\t\t\t\t<\/span>\n\t\t<\/div>\n\t\t\t\t\t\t<\/div>\n\t\t\t\t<\/div>\n\t\t\t\t\t<\/div>\n\t\t<\/div>\n\t\t\t\t\t<\/div>\n\t\t<\/section>\n\t\t\t\t<section class=\"elementor-section elementor-top-section elementor-element elementor-element-1f807b1 elementor-section-boxed elementor-section-height-default elementor-section-height-default\" data-id=\"1f807b1\" data-element_type=\"section\" data-e-type=\"section\">\n\t\t\t\t\t\t<div class=\"elementor-container elementor-column-gap-default\">\n\t\t\t\t\t<div class=\"elementor-column elementor-col-100 elementor-top-column elementor-element elementor-element-109dfe9\" data-id=\"109dfe9\" data-element_type=\"column\" data-e-type=\"column\">\n\t\t\t<div class=\"elementor-widget-wrap elementor-element-populated\">\n\t\t\t\t\t\t<section class=\"elementor-section elementor-inner-section elementor-element elementor-element-14181db elementor-section-boxed elementor-section-height-default elementor-section-height-default\" data-id=\"14181db\" data-element_type=\"section\" data-e-type=\"section\">\n\t\t\t\t\t\t<div class=\"elementor-container elementor-column-gap-default\">\n\t\t\t\t\t<div class=\"elementor-column elementor-col-50 elementor-inner-column elementor-element elementor-element-ad99b30\" data-id=\"ad99b30\" data-element_type=\"column\" data-e-type=\"column\">\n\t\t\t<div class=\"elementor-widget-wrap elementor-element-populated\">\n\t\t\t\t\t\t<div class=\"elementor-element elementor-element-67e7916 elementor-widget elementor-widget-image\" data-id=\"67e7916\" data-element_type=\"widget\" data-e-type=\"widget\" data-widget_type=\"image.default\">\n\t\t\t\t<div class=\"elementor-widget-container\">\n\t\t\t\t\t\t\t\t\t\t\t\t\t\t\t<img fetchpriority=\"high\" decoding=\"async\" width=\"800\" height=\"533\" src=\"https:\/\/axel-levavasseur.fr\/wp-content\/uploads\/2020\/09\/Capture-de\u0301cran-2020-09-29-a\u0300-16.10.48.png\" class=\"attachment-large size-large wp-image-55\" alt=\"\" srcset=\"https:\/\/axel-levavasseur.fr\/wp-content\/uploads\/2020\/09\/Capture-de\u0301cran-2020-09-29-a\u0300-16.10.48.png 814w, https:\/\/axel-levavasseur.fr\/wp-content\/uploads\/2020\/09\/Capture-de\u0301cran-2020-09-29-a\u0300-16.10.48-300x200.png 300w, https:\/\/axel-levavasseur.fr\/wp-content\/uploads\/2020\/09\/Capture-de\u0301cran-2020-09-29-a\u0300-16.10.48-768x511.png 768w\" sizes=\"(max-width: 800px) 100vw, 800px\" \/>\t\t\t\t\t\t\t\t\t\t\t\t\t\t\t<\/div>\n\t\t\t\t<\/div>\n\t\t\t\t\t<\/div>\n\t\t<\/div>\n\t\t\t\t<div class=\"elementor-column elementor-col-50 elementor-inner-column elementor-element elementor-element-3b12da2\" data-id=\"3b12da2\" data-element_type=\"column\" data-e-type=\"column\">\n\t\t\t<div class=\"elementor-widget-wrap elementor-element-populated\">\n\t\t\t\t\t\t<div class=\"elementor-element elementor-element-797f3000 elementor-widget elementor-widget-heading\" data-id=\"797f3000\" data-element_type=\"widget\" data-e-type=\"widget\" data-widget_type=\"heading.default\">\n\t\t\t\t<div class=\"elementor-widget-container\">\n\t\t\t\t\t<h3 class=\"elementor-heading-title elementor-size-default\">Instagram<\/h3>\t\t\t\t<\/div>\n\t\t\t\t<\/div>\n\t\t\t\t<div class=\"elementor-element elementor-element-261e8d82 elementor-widget elementor-widget-text-editor\" data-id=\"261e8d82\" data-element_type=\"widget\" data-e-type=\"widget\" data-widget_type=\"text-editor.default\">\n\t\t\t\t<div class=\"elementor-widget-container\">\n\t\t\t\t\t\t\t\t\t<p><span style=\"vertical-align: inherit;\"><span style=\"vertical-align: inherit;\"><span style=\"vertical-align: inherit;\"><span style=\"vertical-align: inherit;\"><span style=\"vertical-align: inherit;\"><span style=\"vertical-align: inherit;\">Suivez-moi sur mon r\u00e9seau social, retrouvez tout mon travail et mes actualit\u00e9s en photos en vous abonnant \u00e0 mon compte Intagram.\u00a0<\/span><\/span><\/span><\/span><\/span><\/span><\/p>\t\t\t\t\t\t\t\t<\/div>\n\t\t\t\t<\/div>\n\t\t\t\t<div class=\"elementor-element elementor-element-43a85477 elementor-align-center elementor-widget elementor-widget-button\" data-id=\"43a85477\" data-element_type=\"widget\" data-e-type=\"widget\" data-widget_type=\"button.default\">\n\t\t\t\t<div class=\"elementor-widget-container\">\n\t\t\t\t\t\t\t\t\t<div class=\"elementor-button-wrapper\">\n\t\t\t\t\t<a class=\"elementor-button elementor-button-link elementor-size-md\" href=\"https:\/\/www.instagram.com\/axel_tree_sourcing\/\" target=\"_blank\" rel=\"noopener\">\n\t\t\t\t\t\t<span class=\"elementor-button-content-wrapper\">\n\t\t\t\t\t\t\t\t\t<span class=\"elementor-button-text\">Abonnez-vous<\/span>\n\t\t\t\t\t<\/span>\n\t\t\t\t\t<\/a>\n\t\t\t\t<\/div>\n\t\t\t\t\t\t\t\t<\/div>\n\t\t\t\t<\/div>\n\t\t\t\t\t<\/div>\n\t\t<\/div>\n\t\t\t\t\t<\/div>\n\t\t<\/section>\n\t\t\t\t\t<\/div>\n\t\t<\/div>\n\t\t\t\t\t<\/div>\n\t\t<\/section>\n\t\t\t\t<section class=\"elementor-section elementor-top-section elementor-element elementor-element-11fd48b4 elementor-section-full_width elementor-section-height-default elementor-section-height-default\" data-id=\"11fd48b4\" data-element_type=\"section\" data-e-type=\"section\">\n\t\t\t\t\t\t<div class=\"elementor-container elementor-column-gap-default\">\n\t\t\t\t\t<div class=\"elementor-column elementor-col-100 elementor-top-column elementor-element elementor-element-4198f453\" data-id=\"4198f453\" data-element_type=\"column\" data-e-type=\"column\">\n\t\t\t<div class=\"elementor-widget-wrap elementor-element-populated\">\n\t\t\t\t\t\t<div class=\"elementor-element elementor-element-3e2ce2b8 elementor-widget elementor-widget-heading\" data-id=\"3e2ce2b8\" data-element_type=\"widget\" data-e-type=\"widget\" data-widget_type=\"heading.default\">\n\t\t\t\t<div class=\"elementor-widget-container\">\n\t\t\t\t\t<h3 class=\"elementor-heading-title elementor-size-default\">Levavasseur, un nom li\u00e9 aux arbres depuis 1845<\/h3>\t\t\t\t<\/div>\n\t\t\t\t<\/div>\n\t\t\t\t<div class=\"elementor-element elementor-element-4e32f515 elementor-widget elementor-widget-heading\" data-id=\"4e32f515\" data-element_type=\"widget\" data-e-type=\"widget\" data-widget_type=\"heading.default\">\n\t\t\t\t<div class=\"elementor-widget-container\">\n\t\t\t\t\t<h2 class=\"elementor-heading-title elementor-size-default\">Une histoire et des arbres<\/h2>\t\t\t\t<\/div>\n\t\t\t\t<\/div>\n\t\t\t\t<div class=\"elementor-element elementor-element-181d73dc elementor-widget-divider--view-line elementor-widget elementor-widget-divider\" data-id=\"181d73dc\" data-element_type=\"widget\" data-e-type=\"widget\" data-widget_type=\"divider.default\">\n\t\t\t\t<div class=\"elementor-widget-container\">\n\t\t\t\t\t\t\t<div class=\"elementor-divider\">\n\t\t\t<span class=\"elementor-divider-separator\">\n\t\t\t\t\t\t<\/span>\n\t\t<\/div>\n\t\t\t\t\t\t<\/div>\n\t\t\t\t<\/div>\n\t\t\t\t<div class=\"elementor-element elementor-element-dcc2a8a elementor-widget elementor-widget-gallery\" data-id=\"dcc2a8a\" data-element_type=\"widget\" data-e-type=\"widget\" data-settings=\"{&quot;gallery_layout&quot;:&quot;masonry&quot;,&quot;gap&quot;:{&quot;unit&quot;:&quot;px&quot;,&quot;size&quot;:30,&quot;sizes&quot;:[]},&quot;image_hover_animation&quot;:&quot;grow&quot;,&quot;background_overlay_hover_animation&quot;:&quot;enter-zoom-in&quot;,&quot;columns_tablet&quot;:3,&quot;columns_mobile&quot;:2,&quot;lazyload&quot;:&quot;yes&quot;,&quot;columns&quot;:4,&quot;gap_tablet&quot;:{&quot;unit&quot;:&quot;px&quot;,&quot;size&quot;:10,&quot;sizes&quot;:[]},&quot;gap_mobile&quot;:{&quot;unit&quot;:&quot;px&quot;,&quot;size&quot;:10,&quot;sizes&quot;:[]},&quot;link_to&quot;:&quot;file&quot;,&quot;overlay_background&quot;:&quot;yes&quot;,&quot;content_hover_animation&quot;:&quot;fade-in&quot;}\" data-widget_type=\"gallery.default\">\n\t\t\t\t<div class=\"elementor-widget-container\">\n\t\t\t\t\t\t\t<div class=\"elementor-gallery__container\">\n\t\t\t\t\t\t\t<a class=\"e-gallery-item elementor-gallery-item elementor-animated-content\" href=\"https:\/\/axel-levavasseur.fr\/wp-content\/uploads\/2024\/05\/Numerisation-33.jpeg\" data-elementor-open-lightbox=\"yes\" data-elementor-lightbox-slideshow=\"dcc2a8a\" data-elementor-lightbox-title=\"Nume\u0301risation 33\" data-e-action-hash=\"#elementor-action%3Aaction%3Dlightbox%26settings%3DeyJpZCI6Njk5LCJ1cmwiOiJodHRwczpcL1wvYXhlbC1sZXZhdmFzc2V1ci5mclwvd3AtY29udGVudFwvdXBsb2Fkc1wvMjAyNFwvMDVcL051bWVyaXNhdGlvbi0zMy5qcGVnIiwic2xpZGVzaG93IjoiZGNjMmE4YSJ9\">\n\t\t\t\t\t<div class=\"e-gallery-image elementor-gallery-item__image\" data-thumbnail=\"https:\/\/axel-levavasseur.fr\/wp-content\/uploads\/2024\/05\/Numerisation-33-768x1085.jpeg\" data-width=\"768\" data-height=\"1085\" aria-label=\"\" role=\"img\" ><\/div>\n\t\t\t\t\t\t\t\t\t\t\t<div class=\"elementor-gallery-item__overlay\"><\/div>\n\t\t\t\t\t\t\t\t\t\t\t\t\t\t<\/a>\n\t\t\t\t\t\t\t<a class=\"e-gallery-item elementor-gallery-item elementor-animated-content\" href=\"https:\/\/axel-levavasseur.fr\/wp-content\/uploads\/2024\/05\/Numerisation-30.jpeg\" data-elementor-open-lightbox=\"yes\" data-elementor-lightbox-slideshow=\"dcc2a8a\" data-elementor-lightbox-title=\"Nume\u0301risation 30\" data-e-action-hash=\"#elementor-action%3Aaction%3Dlightbox%26settings%3DeyJpZCI6Njk4LCJ1cmwiOiJodHRwczpcL1wvYXhlbC1sZXZhdmFzc2V1ci5mclwvd3AtY29udGVudFwvdXBsb2Fkc1wvMjAyNFwvMDVcL051bWVyaXNhdGlvbi0zMC5qcGVnIiwic2xpZGVzaG93IjoiZGNjMmE4YSJ9\">\n\t\t\t\t\t<div class=\"e-gallery-image elementor-gallery-item__image\" data-thumbnail=\"https:\/\/axel-levavasseur.fr\/wp-content\/uploads\/2024\/05\/Numerisation-30-768x1089.jpeg\" data-width=\"768\" data-height=\"1089\" aria-label=\"\" role=\"img\" ><\/div>\n\t\t\t\t\t\t\t\t\t\t\t<div class=\"elementor-gallery-item__overlay\"><\/div>\n\t\t\t\t\t\t\t\t\t\t\t\t\t\t<\/a>\n\t\t\t\t\t\t\t<a class=\"e-gallery-item elementor-gallery-item elementor-animated-content\" href=\"https:\/\/axel-levavasseur.fr\/wp-content\/uploads\/2024\/05\/Numerisation-21.jpeg\" data-elementor-open-lightbox=\"yes\" data-elementor-lightbox-slideshow=\"dcc2a8a\" data-elementor-lightbox-title=\"Nume\u0301risation 21\" data-e-action-hash=\"#elementor-action%3Aaction%3Dlightbox%26settings%3DeyJpZCI6Njk3LCJ1cmwiOiJodHRwczpcL1wvYXhlbC1sZXZhdmFzc2V1ci5mclwvd3AtY29udGVudFwvdXBsb2Fkc1wvMjAyNFwvMDVcL051bWVyaXNhdGlvbi0yMS5qcGVnIiwic2xpZGVzaG93IjoiZGNjMmE4YSJ9\">\n\t\t\t\t\t<div class=\"e-gallery-image elementor-gallery-item__image\" data-thumbnail=\"https:\/\/axel-levavasseur.fr\/wp-content\/uploads\/2024\/05\/Numerisation-21-768x1398.jpeg\" data-width=\"768\" data-height=\"1398\" aria-label=\"\" role=\"img\" ><\/div>\n\t\t\t\t\t\t\t\t\t\t\t<div class=\"elementor-gallery-item__overlay\"><\/div>\n\t\t\t\t\t\t\t\t\t\t\t\t\t\t<\/a>\n\t\t\t\t\t\t\t<a class=\"e-gallery-item elementor-gallery-item elementor-animated-content\" href=\"https:\/\/axel-levavasseur.fr\/wp-content\/uploads\/2024\/05\/Numerisation-6.jpeg\" data-elementor-open-lightbox=\"yes\" data-elementor-lightbox-slideshow=\"dcc2a8a\" data-elementor-lightbox-title=\"Nume\u0301risation 6\" data-e-action-hash=\"#elementor-action%3Aaction%3Dlightbox%26settings%3DeyJpZCI6Njk2LCJ1cmwiOiJodHRwczpcL1wvYXhlbC1sZXZhdmFzc2V1ci5mclwvd3AtY29udGVudFwvdXBsb2Fkc1wvMjAyNFwvMDVcL051bWVyaXNhdGlvbi02LmpwZWciLCJzbGlkZXNob3ciOiJkY2MyYThhIn0%3D\">\n\t\t\t\t\t<div class=\"e-gallery-image elementor-gallery-item__image\" data-thumbnail=\"https:\/\/axel-levavasseur.fr\/wp-content\/uploads\/2024\/05\/Numerisation-6-768x763.jpeg\" data-width=\"768\" data-height=\"763\" aria-label=\"\" role=\"img\" ><\/div>\n\t\t\t\t\t\t\t\t\t\t\t<div class=\"elementor-gallery-item__overlay\"><\/div>\n\t\t\t\t\t\t\t\t\t\t\t\t\t\t<\/a>\n\t\t\t\t\t\t\t<a class=\"e-gallery-item elementor-gallery-item elementor-animated-content\" href=\"https:\/\/axel-levavasseur.fr\/wp-content\/uploads\/2024\/05\/Numerisation-4.jpeg\" data-elementor-open-lightbox=\"yes\" data-elementor-lightbox-slideshow=\"dcc2a8a\" data-elementor-lightbox-title=\"Nume\u0301risation 4\" data-e-action-hash=\"#elementor-action%3Aaction%3Dlightbox%26settings%3DeyJpZCI6Njk1LCJ1cmwiOiJodHRwczpcL1wvYXhlbC1sZXZhdmFzc2V1ci5mclwvd3AtY29udGVudFwvdXBsb2Fkc1wvMjAyNFwvMDVcL051bWVyaXNhdGlvbi00LmpwZWciLCJzbGlkZXNob3ciOiJkY2MyYThhIn0%3D\">\n\t\t\t\t\t<div class=\"e-gallery-image elementor-gallery-item__image\" data-thumbnail=\"https:\/\/axel-levavasseur.fr\/wp-content\/uploads\/2024\/05\/Numerisation-4-768x1134.jpeg\" data-width=\"768\" data-height=\"1134\" aria-label=\"\" role=\"img\" ><\/div>\n\t\t\t\t\t\t\t\t\t\t\t<div class=\"elementor-gallery-item__overlay\"><\/div>\n\t\t\t\t\t\t\t\t\t\t\t\t\t\t<\/a>\n\t\t\t\t\t\t\t<a class=\"e-gallery-item elementor-gallery-item elementor-animated-content\" href=\"https:\/\/axel-levavasseur.fr\/wp-content\/uploads\/2024\/05\/Numerisation-1.jpeg\" data-elementor-open-lightbox=\"yes\" data-elementor-lightbox-slideshow=\"dcc2a8a\" data-elementor-lightbox-title=\"Nume\u0301risation 1\" data-e-action-hash=\"#elementor-action%3Aaction%3Dlightbox%26settings%3DeyJpZCI6Njk0LCJ1cmwiOiJodHRwczpcL1wvYXhlbC1sZXZhdmFzc2V1ci5mclwvd3AtY29udGVudFwvdXBsb2Fkc1wvMjAyNFwvMDVcL051bWVyaXNhdGlvbi0xLmpwZWciLCJzbGlkZXNob3ciOiJkY2MyYThhIn0%3D\">\n\t\t\t\t\t<div class=\"e-gallery-image elementor-gallery-item__image\" data-thumbnail=\"https:\/\/axel-levavasseur.fr\/wp-content\/uploads\/2024\/05\/Numerisation-1-768x1229.jpeg\" data-width=\"768\" data-height=\"1229\" aria-label=\"\" role=\"img\" ><\/div>\n\t\t\t\t\t\t\t\t\t\t\t<div class=\"elementor-gallery-item__overlay\"><\/div>\n\t\t\t\t\t\t\t\t\t\t\t\t\t\t<\/a>\n\t\t\t\t\t\t\t<a class=\"e-gallery-item elementor-gallery-item elementor-animated-content\" href=\"https:\/\/axel-levavasseur.fr\/wp-content\/uploads\/2024\/05\/Levavasseur-8-scaled.jpg\" data-elementor-open-lightbox=\"yes\" data-elementor-lightbox-slideshow=\"dcc2a8a\" data-elementor-lightbox-title=\"Levavasseur-8\" data-e-action-hash=\"#elementor-action%3Aaction%3Dlightbox%26settings%3DeyJpZCI6NjkzLCJ1cmwiOiJodHRwczpcL1wvYXhlbC1sZXZhdmFzc2V1ci5mclwvd3AtY29udGVudFwvdXBsb2Fkc1wvMjAyNFwvMDVcL0xldmF2YXNzZXVyLTgtc2NhbGVkLmpwZyIsInNsaWRlc2hvdyI6ImRjYzJhOGEifQ%3D%3D\">\n\t\t\t\t\t<div class=\"e-gallery-image elementor-gallery-item__image\" data-thumbnail=\"https:\/\/axel-levavasseur.fr\/wp-content\/uploads\/2024\/05\/Levavasseur-8-768x897.jpg\" data-width=\"768\" data-height=\"897\" aria-label=\"\" role=\"img\" ><\/div>\n\t\t\t\t\t\t\t\t\t\t\t<div class=\"elementor-gallery-item__overlay\"><\/div>\n\t\t\t\t\t\t\t\t\t\t\t\t\t\t<\/a>\n\t\t\t\t\t\t\t<a class=\"e-gallery-item elementor-gallery-item elementor-animated-content\" href=\"https:\/\/axel-levavasseur.fr\/wp-content\/uploads\/2024\/05\/axel_tree_sourcing_mediterranee.jpg\" data-elementor-open-lightbox=\"yes\" data-elementor-lightbox-slideshow=\"dcc2a8a\" data-elementor-lightbox-title=\"axel_tree_sourcing_me\u0301diterrane\u0301e\" data-e-action-hash=\"#elementor-action%3Aaction%3Dlightbox%26settings%3DeyJpZCI6NzI2LCJ1cmwiOiJodHRwczpcL1wvYXhlbC1sZXZhdmFzc2V1ci5mclwvd3AtY29udGVudFwvdXBsb2Fkc1wvMjAyNFwvMDVcL2F4ZWxfdHJlZV9zb3VyY2luZ19tZWRpdGVycmFuZWUuanBnIiwic2xpZGVzaG93IjoiZGNjMmE4YSJ9\">\n\t\t\t\t\t<div class=\"e-gallery-image elementor-gallery-item__image\" data-thumbnail=\"https:\/\/axel-levavasseur.fr\/wp-content\/uploads\/2024\/05\/axel_tree_sourcing_mediterranee-768x768.jpg\" data-width=\"768\" data-height=\"768\" aria-label=\"\" role=\"img\" ><\/div>\n\t\t\t\t\t\t\t\t\t\t\t<div class=\"elementor-gallery-item__overlay\"><\/div>\n\t\t\t\t\t\t\t\t\t\t\t\t\t\t<\/a>\n\t\t\t\t\t\t\t<a class=\"e-gallery-item elementor-gallery-item elementor-animated-content\" href=\"https:\/\/axel-levavasseur.fr\/wp-content\/uploads\/2024\/05\/axel_tree_sourcing_portrait.jpg\" data-elementor-open-lightbox=\"yes\" data-elementor-lightbox-slideshow=\"dcc2a8a\" data-elementor-lightbox-title=\"axel_tree_sourcing_portrait\" data-e-action-hash=\"#elementor-action%3Aaction%3Dlightbox%26settings%3DeyJpZCI6NzI3LCJ1cmwiOiJodHRwczpcL1wvYXhlbC1sZXZhdmFzc2V1ci5mclwvd3AtY29udGVudFwvdXBsb2Fkc1wvMjAyNFwvMDVcL2F4ZWxfdHJlZV9zb3VyY2luZ19wb3J0cmFpdC5qcGciLCJzbGlkZXNob3ciOiJkY2MyYThhIn0%3D\">\n\t\t\t\t\t<div class=\"e-gallery-image elementor-gallery-item__image\" data-thumbnail=\"https:\/\/axel-levavasseur.fr\/wp-content\/uploads\/2024\/05\/axel_tree_sourcing_portrait-768x960.jpg\" data-width=\"768\" data-height=\"960\" aria-label=\"\" role=\"img\" ><\/div>\n\t\t\t\t\t\t\t\t\t\t\t<div class=\"elementor-gallery-item__overlay\"><\/div>\n\t\t\t\t\t\t\t\t\t\t\t\t\t\t<\/a>\n\t\t\t\t\t\t\t<a class=\"e-gallery-item elementor-gallery-item elementor-animated-content\" href=\"https:\/\/axel-levavasseur.fr\/wp-content\/uploads\/2024\/05\/Levavasseur-pepiniere-ussy.jpg\" data-elementor-open-lightbox=\"yes\" data-elementor-lightbox-slideshow=\"dcc2a8a\" data-elementor-lightbox-title=\"Levavasseur pe\u0301pinie\u0300re ussy\" data-e-action-hash=\"#elementor-action%3Aaction%3Dlightbox%26settings%3DeyJpZCI6NzI4LCJ1cmwiOiJodHRwczpcL1wvYXhlbC1sZXZhdmFzc2V1ci5mclwvd3AtY29udGVudFwvdXBsb2Fkc1wvMjAyNFwvMDVcL0xldmF2YXNzZXVyLXBlcGluaWVyZS11c3N5LmpwZyIsInNsaWRlc2hvdyI6ImRjYzJhOGEifQ%3D%3D\">\n\t\t\t\t\t<div class=\"e-gallery-image elementor-gallery-item__image\" data-thumbnail=\"https:\/\/axel-levavasseur.fr\/wp-content\/uploads\/2024\/05\/Levavasseur-pepiniere-ussy-768x913.jpg\" data-width=\"768\" data-height=\"913\" aria-label=\"\" role=\"img\" ><\/div>\n\t\t\t\t\t\t\t\t\t\t\t<div class=\"elementor-gallery-item__overlay\"><\/div>\n\t\t\t\t\t\t\t\t\t\t\t\t\t\t<\/a>\n\t\t\t\t\t\t\t<a class=\"e-gallery-item elementor-gallery-item elementor-animated-content\" href=\"https:\/\/axel-levavasseur.fr\/wp-content\/uploads\/2024\/05\/axel_tree_sourcing_arbre.jpg\" data-elementor-open-lightbox=\"yes\" data-elementor-lightbox-slideshow=\"dcc2a8a\" data-elementor-lightbox-title=\"axel_tree_sourcing_arbre\" data-e-action-hash=\"#elementor-action%3Aaction%3Dlightbox%26settings%3DeyJpZCI6NzI5LCJ1cmwiOiJodHRwczpcL1wvYXhlbC1sZXZhdmFzc2V1ci5mclwvd3AtY29udGVudFwvdXBsb2Fkc1wvMjAyNFwvMDVcL2F4ZWxfdHJlZV9zb3VyY2luZ19hcmJyZS5qcGciLCJzbGlkZXNob3ciOiJkY2MyYThhIn0%3D\">\n\t\t\t\t\t<div class=\"e-gallery-image elementor-gallery-item__image\" data-thumbnail=\"https:\/\/axel-levavasseur.fr\/wp-content\/uploads\/2024\/05\/axel_tree_sourcing_arbre-768x960.jpg\" data-width=\"768\" data-height=\"960\" aria-label=\"\" role=\"img\" ><\/div>\n\t\t\t\t\t\t\t\t\t\t\t<div class=\"elementor-gallery-item__overlay\"><\/div>\n\t\t\t\t\t\t\t\t\t\t\t\t\t\t<\/a>\n\t\t\t\t\t\t\t<a class=\"e-gallery-item elementor-gallery-item elementor-animated-content\" href=\"https:\/\/axel-levavasseur.fr\/wp-content\/uploads\/2024\/05\/axel_tree_sourcing_pepiniere-1.jpg\" data-elementor-open-lightbox=\"yes\" data-elementor-lightbox-slideshow=\"dcc2a8a\" data-elementor-lightbox-title=\"axel_tree_sourcing_pe\u0301pinie\u0300re\" data-e-action-hash=\"#elementor-action%3Aaction%3Dlightbox%26settings%3DeyJpZCI6NzMwLCJ1cmwiOiJodHRwczpcL1wvYXhlbC1sZXZhdmFzc2V1ci5mclwvd3AtY29udGVudFwvdXBsb2Fkc1wvMjAyNFwvMDVcL2F4ZWxfdHJlZV9zb3VyY2luZ19wZXBpbmllcmUtMS5qcGciLCJzbGlkZXNob3ciOiJkY2MyYThhIn0%3D\">\n\t\t\t\t\t<div class=\"e-gallery-image elementor-gallery-item__image\" data-thumbnail=\"https:\/\/axel-levavasseur.fr\/wp-content\/uploads\/2024\/05\/axel_tree_sourcing_pepiniere-1-768x960.jpg\" data-width=\"768\" data-height=\"960\" aria-label=\"\" role=\"img\" ><\/div>\n\t\t\t\t\t\t\t\t\t\t\t<div class=\"elementor-gallery-item__overlay\"><\/div>\n\t\t\t\t\t\t\t\t\t\t\t\t\t\t<\/a>\n\t\t\t\t\t\t\t<a class=\"e-gallery-item elementor-gallery-item elementor-animated-content\" href=\"https:\/\/axel-levavasseur.fr\/wp-content\/uploads\/2024\/05\/axel_tree_sourcing_arbres-exceptionnels.jpg\" data-elementor-open-lightbox=\"yes\" data-elementor-lightbox-slideshow=\"dcc2a8a\" data-elementor-lightbox-title=\"axel_tree_sourcing_arbres exceptionnels\" data-e-action-hash=\"#elementor-action%3Aaction%3Dlightbox%26settings%3DeyJpZCI6NzMxLCJ1cmwiOiJodHRwczpcL1wvYXhlbC1sZXZhdmFzc2V1ci5mclwvd3AtY29udGVudFwvdXBsb2Fkc1wvMjAyNFwvMDVcL2F4ZWxfdHJlZV9zb3VyY2luZ19hcmJyZXMtZXhjZXB0aW9ubmVscy5qcGciLCJzbGlkZXNob3ciOiJkY2MyYThhIn0%3D\">\n\t\t\t\t\t<div class=\"e-gallery-image elementor-gallery-item__image\" data-thumbnail=\"https:\/\/axel-levavasseur.fr\/wp-content\/uploads\/2024\/05\/axel_tree_sourcing_arbres-exceptionnels-768x576.jpg\" data-width=\"768\" data-height=\"576\" aria-label=\"\" role=\"img\" ><\/div>\n\t\t\t\t\t\t\t\t\t\t\t<div class=\"elementor-gallery-item__overlay\"><\/div>\n\t\t\t\t\t\t\t\t\t\t\t\t\t\t<\/a>\n\t\t\t\t\t\t\t<a class=\"e-gallery-item elementor-gallery-item elementor-animated-content\" href=\"https:\/\/axel-levavasseur.fr\/wp-content\/uploads\/2024\/05\/axel_tree_sourcing_arbresexceptionnels2.jpg\" data-elementor-open-lightbox=\"yes\" data-elementor-lightbox-slideshow=\"dcc2a8a\" data-elementor-lightbox-title=\"axel_tree_sourcing_arbresexceptionnels2\" data-e-action-hash=\"#elementor-action%3Aaction%3Dlightbox%26settings%3DeyJpZCI6NzMyLCJ1cmwiOiJodHRwczpcL1wvYXhlbC1sZXZhdmFzc2V1ci5mclwvd3AtY29udGVudFwvdXBsb2Fkc1wvMjAyNFwvMDVcL2F4ZWxfdHJlZV9zb3VyY2luZ19hcmJyZXNleGNlcHRpb25uZWxzMi5qcGciLCJzbGlkZXNob3ciOiJkY2MyYThhIn0%3D\">\n\t\t\t\t\t<div class=\"e-gallery-image elementor-gallery-item__image\" data-thumbnail=\"https:\/\/axel-levavasseur.fr\/wp-content\/uploads\/2024\/05\/axel_tree_sourcing_arbresexceptionnels2-768x960.jpg\" data-width=\"768\" data-height=\"960\" aria-label=\"\" role=\"img\" ><\/div>\n\t\t\t\t\t\t\t\t\t\t\t<div class=\"elementor-gallery-item__overlay\"><\/div>\n\t\t\t\t\t\t\t\t\t\t\t\t\t\t<\/a>\n\t\t\t\t\t\t\t<a class=\"e-gallery-item elementor-gallery-item elementor-animated-content\" href=\"https:\/\/axel-levavasseur.fr\/wp-content\/uploads\/2024\/05\/axel_tree_sourcing_en-pepiniere.jpg\" data-elementor-open-lightbox=\"yes\" data-elementor-lightbox-slideshow=\"dcc2a8a\" data-elementor-lightbox-title=\"axel_tree_sourcing_en pe\u0301pinie\u0300re\" data-e-action-hash=\"#elementor-action%3Aaction%3Dlightbox%26settings%3DeyJpZCI6NzMzLCJ1cmwiOiJodHRwczpcL1wvYXhlbC1sZXZhdmFzc2V1ci5mclwvd3AtY29udGVudFwvdXBsb2Fkc1wvMjAyNFwvMDVcL2F4ZWxfdHJlZV9zb3VyY2luZ19lbi1wZXBpbmllcmUuanBnIiwic2xpZGVzaG93IjoiZGNjMmE4YSJ9\">\n\t\t\t\t\t<div class=\"e-gallery-image elementor-gallery-item__image\" data-thumbnail=\"https:\/\/axel-levavasseur.fr\/wp-content\/uploads\/2024\/05\/axel_tree_sourcing_en-pepiniere-768x960.jpg\" data-width=\"768\" data-height=\"960\" aria-label=\"\" role=\"img\" ><\/div>\n\t\t\t\t\t\t\t\t\t\t\t<div class=\"elementor-gallery-item__overlay\"><\/div>\n\t\t\t\t\t\t\t\t\t\t\t\t\t\t<\/a>\n\t\t\t\t\t\t\t<a class=\"e-gallery-item elementor-gallery-item elementor-animated-content\" href=\"https:\/\/axel-levavasseur.fr\/wp-content\/uploads\/2024\/05\/axel_tree_sourcing_exportateur.jpg\" data-elementor-open-lightbox=\"yes\" data-elementor-lightbox-slideshow=\"dcc2a8a\" data-elementor-lightbox-title=\"axel_tree_sourcing_exportateur\" data-e-action-hash=\"#elementor-action%3Aaction%3Dlightbox%26settings%3DeyJpZCI6NzM0LCJ1cmwiOiJodHRwczpcL1wvYXhlbC1sZXZhdmFzc2V1ci5mclwvd3AtY29udGVudFwvdXBsb2Fkc1wvMjAyNFwvMDVcL2F4ZWxfdHJlZV9zb3VyY2luZ19leHBvcnRhdGV1ci5qcGciLCJzbGlkZXNob3ciOiJkY2MyYThhIn0%3D\">\n\t\t\t\t\t<div class=\"e-gallery-image elementor-gallery-item__image\" data-thumbnail=\"https:\/\/axel-levavasseur.fr\/wp-content\/uploads\/2024\/05\/axel_tree_sourcing_exportateur-768x576.jpg\" data-width=\"768\" data-height=\"576\" aria-label=\"\" role=\"img\" ><\/div>\n\t\t\t\t\t\t\t\t\t\t\t<div class=\"elementor-gallery-item__overlay\"><\/div>\n\t\t\t\t\t\t\t\t\t\t\t\t\t\t<\/a>\n\t\t\t\t\t<\/div>\n\t\t\t\t\t<\/div>\n\t\t\t\t<\/div>\n\t\t\t\t\t<\/div>\n\t\t<\/div>\n\t\t\t\t\t<\/div>\n\t\t<\/section>\n\t\t\t\t<\/div>\n\t\t","protected":false},"excerpt":{"rendered":"<p>Galerie Instagram Suivez-moi sur mon r\u00e9seau social, retrouvez tout mon travail et mes actualit\u00e9s en photos en vous abonnant \u00e0 mon compte Intagram.\u00a0 Abonnez-vous Levavasseur, un nom li\u00e9 aux arbres depuis 1845 Une histoire et des arbres<\/p>\n","protected":false},"author":1,"featured_media":0,"parent":0,"menu_order":0,"comment_status":"closed","ping_status":"closed","template":"","meta":{"footnotes":""},"class_list":["post-111","page","type-page","status-publish","hentry"],"_links":{"self":[{"href":"https:\/\/axel-levavasseur.fr\/index.php\/wp-json\/wp\/v2\/pages\/111","targetHints":{"allow":["GET"]}}],"collection":[{"href":"https:\/\/axel-levavasseur.fr\/index.php\/wp-json\/wp\/v2\/pages"}],"about":[{"href":"https:\/\/axel-levavasseur.fr\/index.php\/wp-json\/wp\/v2\/types\/page"}],"author":[{"embeddable":true,"href":"https:\/\/axel-levavasseur.fr\/index.php\/wp-json\/wp\/v2\/users\/1"}],"replies":[{"embeddable":true,"href":"https:\/\/axel-levavasseur.fr\/index.php\/wp-json\/wp\/v2\/comments?post=111"}],"version-history":[{"count":25,"href":"https:\/\/axel-levavasseur.fr\/index.php\/wp-json\/wp\/v2\/pages\/111\/revisions"}],"predecessor-version":[{"id":741,"href":"https:\/\/axel-levavasseur.fr\/index.php\/wp-json\/wp\/v2\/pages\/111\/revisions\/741"}],"wp:attachment":[{"href":"https:\/\/axel-levavasseur.fr\/index.php\/wp-json\/wp\/v2\/media?parent=111"}],"curies":[{"name":"wp","href":"https:\/\/api.w.org\/{rel}","templated":true}]}}